{"id":2256,"date":"2025-05-27T14:46:47","date_gmt":"2025-05-27T14:46:47","guid":{"rendered":"https:\/\/www.walmonag.ch\/sebastiano-visentin\/"},"modified":"2026-04-10T07:32:14","modified_gmt":"2026-04-10T07:32:14","slug":"sebastiano-visentin","status":"publish","type":"page","link":"https:\/\/www.walmonag.ch\/it\/sebastiano-visentin\/","title":{"rendered":"Sebastiano Visentin"},"content":{"rendered":"\t\t<div data-elementor-type=\"wp-page\" data-elementor-id=\"2256\" class=\"elementor elementor-2256\" data-elementor-post-type=\"page\">\n\t\t\t\t\t\t<section class=\"elementor-section elementor-top-section elementor-element elementor-element-27ed488 elementor-section-boxed elementor-section-height-default elementor-section-height-default\" data-id=\"27ed488\" data-element_type=\"section\" data-e-type=\"section\" data-settings=\"{&quot;background_background&quot;:&quot;classic&quot;}\">\n\t\t\t\t\t\t<div class=\"elementor-container elementor-column-gap-default\">\n\t\t\t\t\t<div class=\"elementor-column elementor-col-100 elementor-top-column elementor-element elementor-element-4c99917\" data-id=\"4c99917\" data-element_type=\"column\" data-e-type=\"column\">\n\t\t\t<div class=\"elementor-widget-wrap elementor-element-populated\">\n\t\t\t\t\t\t<div class=\"elementor-element elementor-element-0bd4cbe elementor-widget elementor-widget-image\" data-id=\"0bd4cbe\" data-element_type=\"widget\" data-e-type=\"widget\" data-widget_type=\"image.default\">\n\t\t\t\t<div class=\"elementor-widget-container\">\n\t\t\t\t\t\t\t\t\t\t\t\t\t\t\t<img fetchpriority=\"high\" decoding=\"async\" width=\"800\" height=\"533\" src=\"https:\/\/www.walmonag.ch\/wp-content\/uploads\/2025\/05\/Sebastiano-Visentin-1024x682.jpg\" class=\"attachment-large size-large wp-image-2241\" alt=\"\" srcset=\"https:\/\/www.walmonag.ch\/wp-content\/uploads\/2025\/05\/Sebastiano-Visentin-1024x682.jpg 1024w, https:\/\/www.walmonag.ch\/wp-content\/uploads\/2025\/05\/Sebastiano-Visentin-300x200.jpg 300w, https:\/\/www.walmonag.ch\/wp-content\/uploads\/2025\/05\/Sebastiano-Visentin-768x512.jpg 768w, https:\/\/www.walmonag.ch\/wp-content\/uploads\/2025\/05\/Sebastiano-Visentin-1536x1023.jpg 1536w, https:\/\/www.walmonag.ch\/wp-content\/uploads\/2025\/05\/Sebastiano-Visentin-2048x1365.jpg 2048w\" sizes=\"(max-width: 800px) 100vw, 800px\" \/>\t\t\t\t\t\t\t\t\t\t\t\t\t\t\t<\/div>\n\t\t\t\t<\/div>\n\t\t\t\t<div class=\"elementor-element elementor-element-3281924 elementor-widget elementor-widget-heading\" data-id=\"3281924\" data-element_type=\"widget\" data-e-type=\"widget\" data-widget_type=\"heading.default\">\n\t\t\t\t<div class=\"elementor-widget-container\">\n\t\t\t\t\t<h1 class=\"elementor-heading-title elementor-size-default\">Sebastiano Visentin<\/h1>\t\t\t\t<\/div>\n\t\t\t\t<\/div>\n\t\t\t\t<div class=\"elementor-element elementor-element-900d71c elementor-widget elementor-widget-heading\" data-id=\"900d71c\" data-element_type=\"widget\" data-e-type=\"widget\" data-widget_type=\"heading.default\">\n\t\t\t\t<div class=\"elementor-widget-container\">\n\t\t\t\t\t<h3 class=\"elementor-heading-title elementor-size-default\">Consulente del personale<\/h3>\t\t\t\t<\/div>\n\t\t\t\t<\/div>\n\t\t\t\t<div class=\"elementor-element elementor-element-635be4b elementor-widget elementor-widget-text-editor\" data-id=\"635be4b\" data-element_type=\"widget\" data-e-type=\"widget\" data-widget_type=\"text-editor.default\">\n\t\t\t\t<div class=\"elementor-widget-container\">\n\t\t\t\t\t\t\t\t\t<p>Ho vissuto personalmente il valore di Walmonag. Prima di entrare nel team come consulente del personale, ero stato assunto da Walmonag come lavoratore temporaneo. In questo modo ho potuto apprezzare da vicino l\u2019attenzione umana e la qualit\u00e0 del servizio. Quando mi \u00e8 stata data la possibilit\u00e0 di \u201cpassare dall\u2019altra parte della scrivania\u201d, non ho esitato ad entrare a far parte di un\u2019azienda che migliora la vita delle persone.<\/p><p>Negli ultimi dieci anni ho lavorato in Italia, Austria, Germania e Svizzera in diversi ambiti: nei cantieri, sui tetti, in aziende con macchinari industriali e in uffici tecnici, dove mi sono occupato di sicurezza nei cantieri. Ho vissuto il mondo del lavoro in tutte le sue sfaccettature. Questo mio background professionale \u00e8 il valore aggiunto che porto in Walmonag.<\/p><p>Come disse Steve Jobs: \u201c You can\u2019t connect the dots looking forward; you can only connect them looking backwards.\u201d<\/p><p>Oggi i \u201cpuntini\u201d del mio percorso si collegano chiaramente e portare talenti nelle migliori aziende per me oggi non \u00e8 solo un lavoro \u2013 \u00e8 una missione. Durante gli studi in archeologia ho imparato che valori antichi come lealt\u00e0, impegno e dedizione sono ancora oggi fondamentali nel mondo del lavoro. Nel tempo libero sto con la mia compagna e il nostro cagnolino. Suono la chitarra, gioco a calcio, leggo volentieri e adoro i viaggi on the road. E se qualcuno mi chiede: \u201cPerch\u00e9 proprio Walmonag?\u201d, rispondo con una canzone dei Beatles:<\/p><p>\u201cSo how could I dance with another, when I saw her standing there.\u201d<\/p>\t\t\t\t\t\t\t\t<\/div>\n\t\t\t\t<\/div>\n\t\t\t\t<div class=\"elementor-element elementor-element-bd9fc26 elementor-widget elementor-widget-text-editor\" data-id=\"bd9fc26\" data-element_type=\"widget\" data-e-type=\"widget\" data-widget_type=\"text-editor.default\">\n\t\t\t\t<div class=\"elementor-widget-container\">\n\t\t\t\t\t\t\t\t\t<p><a href=\"https:\/\/www.walmonag.ch\/kontakt\/\">Torna alla panoramica del team<\/a><\/p>\t\t\t\t\t\t\t\t<\/div>\n\t\t\t\t<\/div>\n\t\t\t\t\t<\/div>\n\t\t<\/div>\n\t\t\t\t\t<\/div>\n\t\t<\/section>\n\t\t\t\t<\/div>\n\t\t","protected":false},"excerpt":{"rendered":"<p>Sebastiano Visentin Consulente del personale Ho vissuto personalmente il valore di Walmonag. Prima di entrare nel team come consulente del personale, ero stato assunto da Walmonag come lavoratore temporaneo. In questo modo ho potuto apprezzare da vicino l\u2019attenzione umana e la qualit\u00e0 del servizio. Quando mi \u00e8 stata data la possibilit\u00e0 di \u201cpassare dall\u2019altra parte [&hellip;]<\/p>\n","protected":false},"author":1,"featured_media":0,"parent":0,"menu_order":0,"comment_status":"closed","ping_status":"closed","template":"","meta":{"_acf_changed":false,"footnotes":""},"class_list":["post-2256","page","type-page","status-publish","hentry"],"acf":[],"yoast_head":"<!-- This site is optimized with the Yoast SEO plugin v27.3 - https:\/\/yoast.com\/product\/yoast-seo-wordpress\/ -->\n<title>Sebastiano Visentin &#8211; Walmonag - Personaldienstleister f\u00fcr das Oberwallis |\u00a0Visp, Thun<\/title>\n<meta name=\"description\" content=\"Ho vissuto personalmente il valore di Walmonag. Prima di entrare nel team come consulente del personale, ero stato assunto da Walmonag come lavoratore temporaneo. In questo modo ho potuto apprezzare da vicino l\u2019attenzione umana e la qualit\u00e0 del servizio. Quando mi \u00e8 stata data la possibilit\u00e0 di \u201cpassare dall\u2019altra parte della scrivania\u201d, non ho esitato ad entrare a far parte di un\u2019azienda che migliora la vita delle persone.\" \/>\n<meta name=\"robots\" content=\"index, follow, max-snippet:-1, max-image-preview:large, max-video-preview:-1\" \/>\n<link rel=\"canonical\" href=\"https:\/\/www.walmonag.ch\/it\/sebastiano-visentin\/\" \/>\n<meta property=\"og:locale\" content=\"it_IT\" \/>\n<meta property=\"og:type\" content=\"article\" \/>\n<meta property=\"og:title\" content=\"Sebastiano Visentin &#8211; Walmonag - Personaldienstleister f\u00fcr das Oberwallis |\u00a0Visp, Thun\" \/>\n<meta property=\"og:description\" content=\"Ho vissuto personalmente il valore di Walmonag. Prima di entrare nel team come consulente del personale, ero stato assunto da Walmonag come lavoratore temporaneo. In questo modo ho potuto apprezzare da vicino l\u2019attenzione umana e la qualit\u00e0 del servizio. Quando mi \u00e8 stata data la possibilit\u00e0 di \u201cpassare dall\u2019altra parte della scrivania\u201d, non ho esitato ad entrare a far parte di un\u2019azienda che migliora la vita delle persone.\" \/>\n<meta property=\"og:url\" content=\"https:\/\/www.walmonag.ch\/it\/sebastiano-visentin\/\" \/>\n<meta property=\"og:site_name\" content=\"Walmonag - Personaldienstleister f\u00fcr das Oberwallis |\u00a0Visp, Thun\" \/>\n<meta property=\"article:modified_time\" content=\"2026-04-10T07:32:14+00:00\" \/>\n<meta property=\"og:image\" content=\"https:\/\/www.walmonag.ch\/wp-content\/uploads\/2025\/05\/Sebastiano-Visentin-1024x682.jpg\" \/>\n<meta name=\"twitter:card\" content=\"summary_large_image\" \/>\n<meta name=\"twitter:label1\" content=\"Tempo di lettura stimato\" \/>\n\t<meta name=\"twitter:data1\" content=\"2 minuti\" \/>\n<script type=\"application\/ld+json\" class=\"yoast-schema-graph\">{\"@context\":\"https:\\\/\\\/schema.org\",\"@graph\":[{\"@type\":\"WebPage\",\"@id\":\"https:\\\/\\\/www.walmonag.ch\\\/it\\\/sebastiano-visentin\\\/\",\"url\":\"https:\\\/\\\/www.walmonag.ch\\\/it\\\/sebastiano-visentin\\\/\",\"name\":\"Sebastiano Visentin &#8211; Walmonag - Personaldienstleister f\u00fcr das Oberwallis |\u00a0Visp, Thun\",\"isPartOf\":{\"@id\":\"https:\\\/\\\/www.walmonag.ch\\\/#website\"},\"primaryImageOfPage\":{\"@id\":\"https:\\\/\\\/www.walmonag.ch\\\/it\\\/sebastiano-visentin\\\/#primaryimage\"},\"image\":{\"@id\":\"https:\\\/\\\/www.walmonag.ch\\\/it\\\/sebastiano-visentin\\\/#primaryimage\"},\"thumbnailUrl\":\"https:\\\/\\\/www.walmonag.ch\\\/wp-content\\\/uploads\\\/2025\\\/05\\\/Sebastiano-Visentin-1024x682.jpg\",\"datePublished\":\"2025-05-27T14:46:47+00:00\",\"dateModified\":\"2026-04-10T07:32:14+00:00\",\"description\":\"Ho vissuto personalmente il valore di Walmonag. Prima di entrare nel team come consulente del personale, ero stato assunto da Walmonag come lavoratore temporaneo. In questo modo ho potuto apprezzare da vicino l\u2019attenzione umana e la qualit\u00e0 del servizio. Quando mi \u00e8 stata data la possibilit\u00e0 di \u201cpassare dall\u2019altra parte della scrivania\u201d, non ho esitato ad entrare a far parte di un\u2019azienda che migliora la vita delle persone.\",\"breadcrumb\":{\"@id\":\"https:\\\/\\\/www.walmonag.ch\\\/it\\\/sebastiano-visentin\\\/#breadcrumb\"},\"inLanguage\":\"it-IT\",\"potentialAction\":[{\"@type\":\"ReadAction\",\"target\":[\"https:\\\/\\\/www.walmonag.ch\\\/it\\\/sebastiano-visentin\\\/\"]}]},{\"@type\":\"ImageObject\",\"inLanguage\":\"it-IT\",\"@id\":\"https:\\\/\\\/www.walmonag.ch\\\/it\\\/sebastiano-visentin\\\/#primaryimage\",\"url\":\"https:\\\/\\\/www.walmonag.ch\\\/wp-content\\\/uploads\\\/2025\\\/05\\\/Sebastiano-Visentin-1024x682.jpg\",\"contentUrl\":\"https:\\\/\\\/www.walmonag.ch\\\/wp-content\\\/uploads\\\/2025\\\/05\\\/Sebastiano-Visentin-1024x682.jpg\"},{\"@type\":\"BreadcrumbList\",\"@id\":\"https:\\\/\\\/www.walmonag.ch\\\/it\\\/sebastiano-visentin\\\/#breadcrumb\",\"itemListElement\":[{\"@type\":\"ListItem\",\"position\":1,\"name\":\"Startseite\",\"item\":\"https:\\\/\\\/www.walmonag.ch\\\/it\\\/\"},{\"@type\":\"ListItem\",\"position\":2,\"name\":\"Sebastiano Visentin\"}]},{\"@type\":\"WebSite\",\"@id\":\"https:\\\/\\\/www.walmonag.ch\\\/#website\",\"url\":\"https:\\\/\\\/www.walmonag.ch\\\/\",\"name\":\"Walmonag - Personaldienstleister f\u00fcr das Oberwallis |\u00a0Visp, Thun\",\"description\":\"\",\"potentialAction\":[{\"@type\":\"SearchAction\",\"target\":{\"@type\":\"EntryPoint\",\"urlTemplate\":\"https:\\\/\\\/www.walmonag.ch\\\/?s={search_term_string}\"},\"query-input\":{\"@type\":\"PropertyValueSpecification\",\"valueRequired\":true,\"valueName\":\"search_term_string\"}}],\"inLanguage\":\"it-IT\"}]}<\/script>\n<!-- \/ Yoast SEO plugin. -->","yoast_head_json":{"title":"Sebastiano Visentin &#8211; Walmonag - Personaldienstleister f\u00fcr das Oberwallis |\u00a0Visp, Thun","description":"Ho vissuto personalmente il valore di Walmonag. Prima di entrare nel team come consulente del personale, ero stato assunto da Walmonag come lavoratore temporaneo. In questo modo ho potuto apprezzare da vicino l\u2019attenzione umana e la qualit\u00e0 del servizio. Quando mi \u00e8 stata data la possibilit\u00e0 di \u201cpassare dall\u2019altra parte della scrivania\u201d, non ho esitato ad entrare a far parte di un\u2019azienda che migliora la vita delle persone.","robots":{"index":"index","follow":"follow","max-snippet":"max-snippet:-1","max-image-preview":"max-image-preview:large","max-video-preview":"max-video-preview:-1"},"canonical":"https:\/\/www.walmonag.ch\/it\/sebastiano-visentin\/","og_locale":"it_IT","og_type":"article","og_title":"Sebastiano Visentin &#8211; Walmonag - Personaldienstleister f\u00fcr das Oberwallis |\u00a0Visp, Thun","og_description":"Ho vissuto personalmente il valore di Walmonag. Prima di entrare nel team come consulente del personale, ero stato assunto da Walmonag come lavoratore temporaneo. In questo modo ho potuto apprezzare da vicino l\u2019attenzione umana e la qualit\u00e0 del servizio. Quando mi \u00e8 stata data la possibilit\u00e0 di \u201cpassare dall\u2019altra parte della scrivania\u201d, non ho esitato ad entrare a far parte di un\u2019azienda che migliora la vita delle persone.","og_url":"https:\/\/www.walmonag.ch\/it\/sebastiano-visentin\/","og_site_name":"Walmonag - Personaldienstleister f\u00fcr das Oberwallis |\u00a0Visp, Thun","article_modified_time":"2026-04-10T07:32:14+00:00","og_image":[{"url":"https:\/\/www.walmonag.ch\/wp-content\/uploads\/2025\/05\/Sebastiano-Visentin-1024x682.jpg","type":"","width":"","height":""}],"twitter_card":"summary_large_image","twitter_misc":{"Tempo di lettura stimato":"2 minuti"},"schema":{"@context":"https:\/\/schema.org","@graph":[{"@type":"WebPage","@id":"https:\/\/www.walmonag.ch\/it\/sebastiano-visentin\/","url":"https:\/\/www.walmonag.ch\/it\/sebastiano-visentin\/","name":"Sebastiano Visentin &#8211; Walmonag - Personaldienstleister f\u00fcr das Oberwallis |\u00a0Visp, Thun","isPartOf":{"@id":"https:\/\/www.walmonag.ch\/#website"},"primaryImageOfPage":{"@id":"https:\/\/www.walmonag.ch\/it\/sebastiano-visentin\/#primaryimage"},"image":{"@id":"https:\/\/www.walmonag.ch\/it\/sebastiano-visentin\/#primaryimage"},"thumbnailUrl":"https:\/\/www.walmonag.ch\/wp-content\/uploads\/2025\/05\/Sebastiano-Visentin-1024x682.jpg","datePublished":"2025-05-27T14:46:47+00:00","dateModified":"2026-04-10T07:32:14+00:00","description":"Ho vissuto personalmente il valore di Walmonag. Prima di entrare nel team come consulente del personale, ero stato assunto da Walmonag come lavoratore temporaneo. In questo modo ho potuto apprezzare da vicino l\u2019attenzione umana e la qualit\u00e0 del servizio. Quando mi \u00e8 stata data la possibilit\u00e0 di \u201cpassare dall\u2019altra parte della scrivania\u201d, non ho esitato ad entrare a far parte di un\u2019azienda che migliora la vita delle persone.","breadcrumb":{"@id":"https:\/\/www.walmonag.ch\/it\/sebastiano-visentin\/#breadcrumb"},"inLanguage":"it-IT","potentialAction":[{"@type":"ReadAction","target":["https:\/\/www.walmonag.ch\/it\/sebastiano-visentin\/"]}]},{"@type":"ImageObject","inLanguage":"it-IT","@id":"https:\/\/www.walmonag.ch\/it\/sebastiano-visentin\/#primaryimage","url":"https:\/\/www.walmonag.ch\/wp-content\/uploads\/2025\/05\/Sebastiano-Visentin-1024x682.jpg","contentUrl":"https:\/\/www.walmonag.ch\/wp-content\/uploads\/2025\/05\/Sebastiano-Visentin-1024x682.jpg"},{"@type":"BreadcrumbList","@id":"https:\/\/www.walmonag.ch\/it\/sebastiano-visentin\/#breadcrumb","itemListElement":[{"@type":"ListItem","position":1,"name":"Startseite","item":"https:\/\/www.walmonag.ch\/it\/"},{"@type":"ListItem","position":2,"name":"Sebastiano Visentin"}]},{"@type":"WebSite","@id":"https:\/\/www.walmonag.ch\/#website","url":"https:\/\/www.walmonag.ch\/","name":"Walmonag - Personaldienstleister f\u00fcr das Oberwallis |\u00a0Visp, Thun","description":"","potentialAction":[{"@type":"SearchAction","target":{"@type":"EntryPoint","urlTemplate":"https:\/\/www.walmonag.ch\/?s={search_term_string}"},"query-input":{"@type":"PropertyValueSpecification","valueRequired":true,"valueName":"search_term_string"}}],"inLanguage":"it-IT"}]}},"_links":{"self":[{"href":"https:\/\/www.walmonag.ch\/it\/wp-json\/wp\/v2\/pages\/2256","targetHints":{"allow":["GET"]}}],"collection":[{"href":"https:\/\/www.walmonag.ch\/it\/wp-json\/wp\/v2\/pages"}],"about":[{"href":"https:\/\/www.walmonag.ch\/it\/wp-json\/wp\/v2\/types\/page"}],"author":[{"embeddable":true,"href":"https:\/\/www.walmonag.ch\/it\/wp-json\/wp\/v2\/users\/1"}],"replies":[{"embeddable":true,"href":"https:\/\/www.walmonag.ch\/it\/wp-json\/wp\/v2\/comments?post=2256"}],"version-history":[{"count":5,"href":"https:\/\/www.walmonag.ch\/it\/wp-json\/wp\/v2\/pages\/2256\/revisions"}],"predecessor-version":[{"id":2490,"href":"https:\/\/www.walmonag.ch\/it\/wp-json\/wp\/v2\/pages\/2256\/revisions\/2490"}],"wp:attachment":[{"href":"https:\/\/www.walmonag.ch\/it\/wp-json\/wp\/v2\/media?parent=2256"}],"curies":[{"name":"wp","href":"https:\/\/api.w.org\/{rel}","templated":true}]}}