{"id":2330,"date":"2025-09-19T12:47:36","date_gmt":"2025-09-19T12:47:36","guid":{"rendered":"https:\/\/www.walmonag.ch\/?page_id=2330"},"modified":"2026-04-10T07:15:56","modified_gmt":"2026-04-10T07:15:56","slug":"sara-imesch","status":"publish","type":"page","link":"https:\/\/www.walmonag.ch\/it\/sara-imesch\/","title":{"rendered":"Sara Imesch"},"content":{"rendered":"\t\t<div data-elementor-type=\"wp-page\" data-elementor-id=\"2330\" class=\"elementor elementor-2330\" data-elementor-post-type=\"page\">\n\t\t\t\t\t\t<section class=\"elementor-section elementor-top-section elementor-element elementor-element-27ed488 elementor-section-boxed elementor-section-height-default elementor-section-height-default\" data-id=\"27ed488\" data-element_type=\"section\" data-e-type=\"section\" data-settings=\"{&quot;background_background&quot;:&quot;classic&quot;}\">\n\t\t\t\t\t\t<div class=\"elementor-container elementor-column-gap-default\">\n\t\t\t\t\t<div class=\"elementor-column elementor-col-100 elementor-top-column elementor-element elementor-element-4c99917\" data-id=\"4c99917\" data-element_type=\"column\" data-e-type=\"column\">\n\t\t\t<div class=\"elementor-widget-wrap elementor-element-populated\">\n\t\t\t\t\t\t<div class=\"elementor-element elementor-element-0bd4cbe elementor-widget elementor-widget-image\" data-id=\"0bd4cbe\" data-element_type=\"widget\" data-e-type=\"widget\" data-widget_type=\"image.default\">\n\t\t\t\t<div class=\"elementor-widget-container\">\n\t\t\t\t\t\t\t\t\t\t\t\t\t\t\t<img fetchpriority=\"high\" decoding=\"async\" width=\"800\" height=\"533\" src=\"https:\/\/www.walmonag.ch\/wp-content\/uploads\/2026\/04\/Sara-Imesch-1024x682.png\" class=\"attachment-large size-large wp-image-2437\" alt=\"Sara-Imesch\" srcset=\"https:\/\/www.walmonag.ch\/wp-content\/uploads\/2026\/04\/Sara-Imesch-1024x682.png 1024w, https:\/\/www.walmonag.ch\/wp-content\/uploads\/2026\/04\/Sara-Imesch-300x200.png 300w, https:\/\/www.walmonag.ch\/wp-content\/uploads\/2026\/04\/Sara-Imesch-768x512.png 768w, https:\/\/www.walmonag.ch\/wp-content\/uploads\/2026\/04\/Sara-Imesch.png 1201w\" sizes=\"(max-width: 800px) 100vw, 800px\" \/>\t\t\t\t\t\t\t\t\t\t\t\t\t\t\t<\/div>\n\t\t\t\t<\/div>\n\t\t\t\t<div class=\"elementor-element elementor-element-3281924 elementor-widget elementor-widget-heading\" data-id=\"3281924\" data-element_type=\"widget\" data-e-type=\"widget\" data-widget_type=\"heading.default\">\n\t\t\t\t<div class=\"elementor-widget-container\">\n\t\t\t\t\t<h1 class=\"elementor-heading-title elementor-size-default\">Sara imesch<\/h1>\t\t\t\t<\/div>\n\t\t\t\t<\/div>\n\t\t\t\t<div class=\"elementor-element elementor-element-900d71c elementor-widget elementor-widget-heading\" data-id=\"900d71c\" data-element_type=\"widget\" data-e-type=\"widget\" data-widget_type=\"heading.default\">\n\t\t\t\t<div class=\"elementor-widget-container\">\n\t\t\t\t\t<h3 class=\"elementor-heading-title elementor-size-default\">Consulente del personale<\/h3>\t\t\t\t<\/div>\n\t\t\t\t<\/div>\n\t\t\t\t<div class=\"elementor-element elementor-element-635be4b elementor-widget elementor-widget-text-editor\" data-id=\"635be4b\" data-element_type=\"widget\" data-e-type=\"widget\" data-widget_type=\"text-editor.default\">\n\t\t\t\t<div class=\"elementor-widget-container\">\n\t\t\t\t\t\t\t\t\t<p>Incontro le persone con apertura, genuino interesse e il desiderio di comprenderle davvero \u2013 al di l\u00e0 dei curriculum, guardando alla loro storia, ai loro valori e al loro potenziale.<\/p><p>Il mio percorso professionale \u00e8 iniziato presso WALMONAG, dove ho avuto l\u2019opportunit\u00e0 di completare la mia formazione come impiegata di commercio AFC. Oggi sono tornata con una preziosa esperienza \u2013 non pi\u00f9 come apprendista, ma come consulente del personale. Mettere in contatto persone e aziende e creare soluzioni sostenibili \u00e8 per me molto importante.<\/p><p>Nel mio lavoro attribuisco grande valore alla comprensione di entrambe le prospettive. Empatia, onest\u00e0 e rispetto costituiscono per me la base \u2013 perch\u00e9 \u00e8 dove nasce la fiducia che nascono anche soluzioni durature.<\/p><p>Ho inoltre acquisito esperienza nella gestione del team della nostra azienda familiare nel settore della ristorazione, dove oltre all\u2019organizzazione e alla gestione dei collaboratori ho assunto anche responsabilit\u00e0 amministrative, tra cui la contabilit\u00e0. Questo periodo ha rafforzato in modo duraturo il mio senso di responsabilit\u00e0, la mia struttura e la mia sensibilit\u00e0 verso le persone.<\/p><p>Parlo fluentemente tedesco, inglese e thailandese, possiedo conoscenze di base di francese e sto attualmente imparando l\u2019italiano. La lingua \u00e8 per me una chiave per comprendere le persone e creare connessioni autentiche.<\/p><p>Lavoro in modo orientato alle soluzioni, realistico e con molta passione ed energia per trovare soluzioni adatte a entrambe le parti.<\/p><p>Nel tempo libero mi dedico alla lettura, ai viaggi, al fitness e soprattutto alla scrittura dei miei libri \u2013 un progetto che mi sta particolarmente a cuore e che mi influenza profondamente. Mi occupo intensamente di crescita personale e di come le persone pensano, sentono e cambiano. Temi come il mindset positivo, la calma interiore, l\u2019energia e lo sviluppo personale mi affascinano particolarmente.<\/p><p>Nella vita quotidiana osservo spesso come le persone, immerse in una costante modalit\u00e0 di performance, perdano il contatto con se stesse. \u00c8 proprio da qui che \u00e8 nata la mia motivazione a scrivere: desidero ricordare alle persone chi sono davvero \u2013 e mostrare loro che il cambiamento \u00e8 possibile.<\/p><p>Questa comprensione non influenza solo la mia vita privata, ma anche il mio lavoro con le persone.<\/p><p>Sono convinta che gli incontri giusti spesso inneschino il prossimo grande passo nella vita \u2013 e non vedo l\u2019ora di conoscerLa.<\/p>\t\t\t\t\t\t\t\t<\/div>\n\t\t\t\t<\/div>\n\t\t\t\t<div class=\"elementor-element elementor-element-bd9fc26 elementor-widget elementor-widget-text-editor\" data-id=\"bd9fc26\" data-element_type=\"widget\" data-e-type=\"widget\" data-widget_type=\"text-editor.default\">\n\t\t\t\t<div class=\"elementor-widget-container\">\n\t\t\t\t\t\t\t\t\t<p><a href=\"https:\/\/www.walmonag.ch\/kontakt\/\">Torna alla panoramica del team<\/a><\/p>\t\t\t\t\t\t\t\t<\/div>\n\t\t\t\t<\/div>\n\t\t\t\t\t<\/div>\n\t\t<\/div>\n\t\t\t\t\t<\/div>\n\t\t<\/section>\n\t\t\t\t<\/div>\n\t\t","protected":false},"excerpt":{"rendered":"<p>Sara imesch Consulente del personale Incontro le persone con apertura, genuino interesse e il desiderio di comprenderle davvero \u2013 al di l\u00e0 dei curriculum, guardando alla loro storia, ai loro valori e al loro potenziale. Il mio percorso professionale \u00e8 iniziato presso WALMONAG, dove ho avuto l\u2019opportunit\u00e0 di completare la mia formazione come impiegata di [&hellip;]<\/p>\n","protected":false},"author":1,"featured_media":0,"parent":0,"menu_order":0,"comment_status":"closed","ping_status":"closed","template":"","meta":{"_acf_changed":false,"footnotes":""},"class_list":["post-2330","page","type-page","status-publish","hentry"],"acf":[],"yoast_head":"<!-- This site is optimized with the Yoast SEO plugin v27.3 - https:\/\/yoast.com\/product\/yoast-seo-wordpress\/ -->\n<title>Sara Imesch \u2013 Personalberaterin \u2013 Walmonag AG<\/title>\n<meta name=\"description\" content=\"Als Personalberaterin mit portugiesischen Wurzeln erlebe ich an jedem Tag, wie wichtig die pers\u00f6nliche Zuwendung ist und welch grosse Bedeutung die Sprache im Umgang mit den Menschen hat.\" \/>\n<meta name=\"robots\" content=\"index, follow, max-snippet:-1, max-image-preview:large, max-video-preview:-1\" \/>\n<link rel=\"canonical\" href=\"https:\/\/www.walmonag.ch\/it\/sara-imesch\/\" \/>\n<meta property=\"og:locale\" content=\"it_IT\" \/>\n<meta property=\"og:type\" content=\"article\" \/>\n<meta property=\"og:title\" content=\"Sara Imesch \u2013 Personalberaterin \u2013 Walmonag AG\" \/>\n<meta property=\"og:description\" content=\"Als Personalberaterin mit portugiesischen Wurzeln erlebe ich an jedem Tag, wie wichtig die pers\u00f6nliche Zuwendung ist und welch grosse Bedeutung die Sprache im Umgang mit den Menschen hat.\" \/>\n<meta property=\"og:url\" content=\"https:\/\/www.walmonag.ch\/it\/sara-imesch\/\" \/>\n<meta property=\"og:site_name\" content=\"Walmonag - Personaldienstleister f\u00fcr das Oberwallis |\u00a0Visp, Thun\" \/>\n<meta property=\"article:modified_time\" content=\"2026-04-10T07:15:56+00:00\" \/>\n<meta property=\"og:image\" content=\"https:\/\/www.walmonag.ch\/wp-content\/uploads\/2026\/04\/Sara-Imesch-1024x682.png\" \/>\n<meta name=\"twitter:card\" content=\"summary_large_image\" \/>\n<meta name=\"twitter:label1\" content=\"Tempo di lettura stimato\" \/>\n\t<meta name=\"twitter:data1\" content=\"3 minuti\" \/>\n<script type=\"application\/ld+json\" class=\"yoast-schema-graph\">{\"@context\":\"https:\\\/\\\/schema.org\",\"@graph\":[{\"@type\":\"WebPage\",\"@id\":\"https:\\\/\\\/www.walmonag.ch\\\/it\\\/sara-imesch\\\/\",\"url\":\"https:\\\/\\\/www.walmonag.ch\\\/it\\\/sara-imesch\\\/\",\"name\":\"Sara Imesch \u2013 Personalberaterin \u2013 Walmonag AG\",\"isPartOf\":{\"@id\":\"https:\\\/\\\/www.walmonag.ch\\\/#website\"},\"primaryImageOfPage\":{\"@id\":\"https:\\\/\\\/www.walmonag.ch\\\/it\\\/sara-imesch\\\/#primaryimage\"},\"image\":{\"@id\":\"https:\\\/\\\/www.walmonag.ch\\\/it\\\/sara-imesch\\\/#primaryimage\"},\"thumbnailUrl\":\"https:\\\/\\\/www.walmonag.ch\\\/wp-content\\\/uploads\\\/2026\\\/04\\\/Sara-Imesch-1024x682.png\",\"datePublished\":\"2025-09-19T12:47:36+00:00\",\"dateModified\":\"2026-04-10T07:15:56+00:00\",\"description\":\"Als Personalberaterin mit portugiesischen Wurzeln erlebe ich an jedem Tag, wie wichtig die pers\u00f6nliche Zuwendung ist und welch grosse Bedeutung die Sprache im Umgang mit den Menschen hat.\",\"breadcrumb\":{\"@id\":\"https:\\\/\\\/www.walmonag.ch\\\/it\\\/sara-imesch\\\/#breadcrumb\"},\"inLanguage\":\"it-IT\",\"potentialAction\":[{\"@type\":\"ReadAction\",\"target\":[\"https:\\\/\\\/www.walmonag.ch\\\/it\\\/sara-imesch\\\/\"]}]},{\"@type\":\"ImageObject\",\"inLanguage\":\"it-IT\",\"@id\":\"https:\\\/\\\/www.walmonag.ch\\\/it\\\/sara-imesch\\\/#primaryimage\",\"url\":\"https:\\\/\\\/www.walmonag.ch\\\/wp-content\\\/uploads\\\/2026\\\/04\\\/Sara-Imesch-1024x682.png\",\"contentUrl\":\"https:\\\/\\\/www.walmonag.ch\\\/wp-content\\\/uploads\\\/2026\\\/04\\\/Sara-Imesch-1024x682.png\"},{\"@type\":\"BreadcrumbList\",\"@id\":\"https:\\\/\\\/www.walmonag.ch\\\/it\\\/sara-imesch\\\/#breadcrumb\",\"itemListElement\":[{\"@type\":\"ListItem\",\"position\":1,\"name\":\"Startseite\",\"item\":\"https:\\\/\\\/www.walmonag.ch\\\/it\\\/\"},{\"@type\":\"ListItem\",\"position\":2,\"name\":\"Sara Imesch\"}]},{\"@type\":\"WebSite\",\"@id\":\"https:\\\/\\\/www.walmonag.ch\\\/#website\",\"url\":\"https:\\\/\\\/www.walmonag.ch\\\/\",\"name\":\"Walmonag - Personaldienstleister f\u00fcr das Oberwallis |\u00a0Visp, Thun\",\"description\":\"\",\"potentialAction\":[{\"@type\":\"SearchAction\",\"target\":{\"@type\":\"EntryPoint\",\"urlTemplate\":\"https:\\\/\\\/www.walmonag.ch\\\/?s={search_term_string}\"},\"query-input\":{\"@type\":\"PropertyValueSpecification\",\"valueRequired\":true,\"valueName\":\"search_term_string\"}}],\"inLanguage\":\"it-IT\"}]}<\/script>\n<!-- \/ Yoast SEO plugin. -->","yoast_head_json":{"title":"Sara Imesch \u2013 Personalberaterin \u2013 Walmonag AG","description":"Als Personalberaterin mit portugiesischen Wurzeln erlebe ich an jedem Tag, wie wichtig die pers\u00f6nliche Zuwendung ist und welch grosse Bedeutung die Sprache im Umgang mit den Menschen hat.","robots":{"index":"index","follow":"follow","max-snippet":"max-snippet:-1","max-image-preview":"max-image-preview:large","max-video-preview":"max-video-preview:-1"},"canonical":"https:\/\/www.walmonag.ch\/it\/sara-imesch\/","og_locale":"it_IT","og_type":"article","og_title":"Sara Imesch \u2013 Personalberaterin \u2013 Walmonag AG","og_description":"Als Personalberaterin mit portugiesischen Wurzeln erlebe ich an jedem Tag, wie wichtig die pers\u00f6nliche Zuwendung ist und welch grosse Bedeutung die Sprache im Umgang mit den Menschen hat.","og_url":"https:\/\/www.walmonag.ch\/it\/sara-imesch\/","og_site_name":"Walmonag - Personaldienstleister f\u00fcr das Oberwallis |\u00a0Visp, Thun","article_modified_time":"2026-04-10T07:15:56+00:00","og_image":[{"url":"https:\/\/www.walmonag.ch\/wp-content\/uploads\/2026\/04\/Sara-Imesch-1024x682.png","type":"","width":"","height":""}],"twitter_card":"summary_large_image","twitter_misc":{"Tempo di lettura stimato":"3 minuti"},"schema":{"@context":"https:\/\/schema.org","@graph":[{"@type":"WebPage","@id":"https:\/\/www.walmonag.ch\/it\/sara-imesch\/","url":"https:\/\/www.walmonag.ch\/it\/sara-imesch\/","name":"Sara Imesch \u2013 Personalberaterin \u2013 Walmonag AG","isPartOf":{"@id":"https:\/\/www.walmonag.ch\/#website"},"primaryImageOfPage":{"@id":"https:\/\/www.walmonag.ch\/it\/sara-imesch\/#primaryimage"},"image":{"@id":"https:\/\/www.walmonag.ch\/it\/sara-imesch\/#primaryimage"},"thumbnailUrl":"https:\/\/www.walmonag.ch\/wp-content\/uploads\/2026\/04\/Sara-Imesch-1024x682.png","datePublished":"2025-09-19T12:47:36+00:00","dateModified":"2026-04-10T07:15:56+00:00","description":"Als Personalberaterin mit portugiesischen Wurzeln erlebe ich an jedem Tag, wie wichtig die pers\u00f6nliche Zuwendung ist und welch grosse Bedeutung die Sprache im Umgang mit den Menschen hat.","breadcrumb":{"@id":"https:\/\/www.walmonag.ch\/it\/sara-imesch\/#breadcrumb"},"inLanguage":"it-IT","potentialAction":[{"@type":"ReadAction","target":["https:\/\/www.walmonag.ch\/it\/sara-imesch\/"]}]},{"@type":"ImageObject","inLanguage":"it-IT","@id":"https:\/\/www.walmonag.ch\/it\/sara-imesch\/#primaryimage","url":"https:\/\/www.walmonag.ch\/wp-content\/uploads\/2026\/04\/Sara-Imesch-1024x682.png","contentUrl":"https:\/\/www.walmonag.ch\/wp-content\/uploads\/2026\/04\/Sara-Imesch-1024x682.png"},{"@type":"BreadcrumbList","@id":"https:\/\/www.walmonag.ch\/it\/sara-imesch\/#breadcrumb","itemListElement":[{"@type":"ListItem","position":1,"name":"Startseite","item":"https:\/\/www.walmonag.ch\/it\/"},{"@type":"ListItem","position":2,"name":"Sara Imesch"}]},{"@type":"WebSite","@id":"https:\/\/www.walmonag.ch\/#website","url":"https:\/\/www.walmonag.ch\/","name":"Walmonag - Personaldienstleister f\u00fcr das Oberwallis |\u00a0Visp, Thun","description":"","potentialAction":[{"@type":"SearchAction","target":{"@type":"EntryPoint","urlTemplate":"https:\/\/www.walmonag.ch\/?s={search_term_string}"},"query-input":{"@type":"PropertyValueSpecification","valueRequired":true,"valueName":"search_term_string"}}],"inLanguage":"it-IT"}]}},"_links":{"self":[{"href":"https:\/\/www.walmonag.ch\/it\/wp-json\/wp\/v2\/pages\/2330","targetHints":{"allow":["GET"]}}],"collection":[{"href":"https:\/\/www.walmonag.ch\/it\/wp-json\/wp\/v2\/pages"}],"about":[{"href":"https:\/\/www.walmonag.ch\/it\/wp-json\/wp\/v2\/types\/page"}],"author":[{"embeddable":true,"href":"https:\/\/www.walmonag.ch\/it\/wp-json\/wp\/v2\/users\/1"}],"replies":[{"embeddable":true,"href":"https:\/\/www.walmonag.ch\/it\/wp-json\/wp\/v2\/comments?post=2330"}],"version-history":[{"count":12,"href":"https:\/\/www.walmonag.ch\/it\/wp-json\/wp\/v2\/pages\/2330\/revisions"}],"predecessor-version":[{"id":2486,"href":"https:\/\/www.walmonag.ch\/it\/wp-json\/wp\/v2\/pages\/2330\/revisions\/2486"}],"wp:attachment":[{"href":"https:\/\/www.walmonag.ch\/it\/wp-json\/wp\/v2\/media?parent=2330"}],"curies":[{"name":"wp","href":"https:\/\/api.w.org\/{rel}","templated":true}]}}